{"id":482,"date":"2024-03-18T02:23:34","date_gmt":"2024-03-18T01:23:34","guid":{"rendered":"http:\/\/victorlejeune.com\/?page_id=482"},"modified":"2025-06-06T21:12:13","modified_gmt":"2025-06-06T19:12:13","slug":"des-nouvelles-de-lespace","status":"publish","type":"page","link":"https:\/\/victorlejeune.com\/","title":{"rendered":"Des nouvelles de l&rsquo;espace !"},"content":{"rendered":"\n<figure class=\"wp-block-image size-large is-resized\"><img loading=\"lazy\" decoding=\"async\" width=\"1024\" height=\"912\" src=\"http:\/\/victorlejeune.com\/wp-content\/uploads\/2025\/06\/Singe-Tampon-carte-de-visite-1024x912.png\" alt=\"\" class=\"wp-image-586\" style=\"width:213px;height:auto\" srcset=\"https:\/\/victorlejeune.com\/wp-content\/uploads\/2025\/06\/Singe-Tampon-carte-de-visite-1024x912.png 1024w, https:\/\/victorlejeune.com\/wp-content\/uploads\/2025\/06\/Singe-Tampon-carte-de-visite-300x267.png 300w, https:\/\/victorlejeune.com\/wp-content\/uploads\/2025\/06\/Singe-Tampon-carte-de-visite-768x684.png 768w, https:\/\/victorlejeune.com\/wp-content\/uploads\/2025\/06\/Singe-Tampon-carte-de-visite-1536x1369.png 1536w, https:\/\/victorlejeune.com\/wp-content\/uploads\/2025\/06\/Singe-Tampon-carte-de-visite-2048x1825.png 2048w\" sizes=\"auto, (max-width: 1024px) 100vw, 1024px\" \/><\/figure>\n\n\n\n<p class=\"has-normal-font-size\"><strong><strong>Portfolio de Victor Lejeune.<\/strong><\/strong><\/p>\n\n\n\n<p>Je m&rsquo;amuse \u00e0 m\u00e9langer les oppos\u00e9s, la gravure et l\u2019informatique, le grand et le petit, l\u2019ancien et le futur. Je cherche \u00e0 questionner la place de l\u2019Homme avec ce qui l\u2019entoure, son histoire et son environnement. Que ce soit la vie sur Terre, mais aussi au-del\u00e0 : j&rsquo;essaie de cr\u00e9er des ponts entre Nature et Astronomie (d\u2019ailleurs, l\u2019espace lointain, le Cosmos, c\u2019est aussi la Nature).<\/p>\n\n\n\n<p>Mon univers est peupl\u00e9 de v\u00e9g\u00e9tation et d\u2019animaux, de cosmonautes et d\u2019espace, de bateaux et de fus\u00e9es, d\u2019arbres et de fleurs. Je peuple les cieux de constellations d\u2019animaux et envoie mes spationautes au c\u0153ur des for\u00eats profondes. Mes personnages arpentent les paysages de la Terre comme du ciel. Mes images \u00e9voquent l\u2019absurdit\u00e9 et la beaut\u00e9 de la vie, parfois comique ou tragique, r\u00e9guli\u00e8rement surr\u00e9aliste, souvent purement po\u00e9tique.<\/p>\n\n\n\n<p>victor_lejeune@hotmail.com<\/p>\n\n\n\n<figure class=\"wp-block-image aligncenter size-large\"><img loading=\"lazy\" decoding=\"async\" width=\"731\" height=\"1024\" src=\"http:\/\/victorlejeune.com\/wp-content\/uploads\/2023\/10\/Chat_De_Nuitweb-731x1024.jpg\" alt=\"\" class=\"wp-image-576\" srcset=\"https:\/\/victorlejeune.com\/wp-content\/uploads\/2023\/10\/Chat_De_Nuitweb-731x1024.jpg 731w, https:\/\/victorlejeune.com\/wp-content\/uploads\/2023\/10\/Chat_De_Nuitweb-214x300.jpg 214w, https:\/\/victorlejeune.com\/wp-content\/uploads\/2023\/10\/Chat_De_Nuitweb-768x1075.jpg 768w, https:\/\/victorlejeune.com\/wp-content\/uploads\/2023\/10\/Chat_De_Nuitweb.jpg 1000w\" sizes=\"auto, (max-width: 731px) 100vw, 731px\" \/><\/figure>\n","protected":false},"excerpt":{"rendered":"<p>Portfolio de Victor Lejeune. Je m&rsquo;amuse \u00e0 m\u00e9langer les oppos\u00e9s, la gravure et l\u2019informatique, le grand et le petit, l\u2019ancien et le futur. Je cherche \u00e0 questionner la place de l\u2019Homme avec ce qui l\u2019entoure, son histoire et son environnement. Que ce soit la vie sur Terre, mais aussi au-del\u00e0 : j&rsquo;essaie de cr\u00e9er des [&hellip;]<\/p>\n","protected":false},"author":1,"featured_media":586,"parent":0,"menu_order":0,"comment_status":"closed","ping_status":"closed","template":"","meta":{"footnotes":""},"class_list":["post-482","page","type-page","status-publish","has-post-thumbnail","hentry"],"_links":{"self":[{"href":"https:\/\/victorlejeune.com\/index.php?rest_route=\/wp\/v2\/pages\/482","targetHints":{"allow":["GET"]}}],"collection":[{"href":"https:\/\/victorlejeune.com\/index.php?rest_route=\/wp\/v2\/pages"}],"about":[{"href":"https:\/\/victorlejeune.com\/index.php?rest_route=\/wp\/v2\/types\/page"}],"author":[{"embeddable":true,"href":"https:\/\/victorlejeune.com\/index.php?rest_route=\/wp\/v2\/users\/1"}],"replies":[{"embeddable":true,"href":"https:\/\/victorlejeune.com\/index.php?rest_route=%2Fwp%2Fv2%2Fcomments&post=482"}],"version-history":[{"count":15,"href":"https:\/\/victorlejeune.com\/index.php?rest_route=\/wp\/v2\/pages\/482\/revisions"}],"predecessor-version":[{"id":603,"href":"https:\/\/victorlejeune.com\/index.php?rest_route=\/wp\/v2\/pages\/482\/revisions\/603"}],"wp:featuredmedia":[{"embeddable":true,"href":"https:\/\/victorlejeune.com\/index.php?rest_route=\/wp\/v2\/media\/586"}],"wp:attachment":[{"href":"https:\/\/victorlejeune.com\/index.php?rest_route=%2Fwp%2Fv2%2Fmedia&parent=482"}],"curies":[{"name":"wp","href":"https:\/\/api.w.org\/{rel}","templated":true}]}}